{"id":110,"date":"2022-04-19T19:50:16","date_gmt":"2022-04-19T17:50:16","guid":{"rendered":"http:\/\/localhost\/wordpress\/?page_id=110"},"modified":"2023-09-29T22:30:55","modified_gmt":"2023-09-29T20:30:55","slug":"streuobstwiese-lugensee","status":"publish","type":"page","link":"https:\/\/www.gartenbauverein-rott.de\/wordpress\/streuobstwiese-lugensee\/","title":{"rendered":"Streuobstwiese &#8222;Lugensee&#8220;"},"content":{"rendered":"\n<h5 class=\"wp-block-heading\">Der Lugensee<\/h5>\n\n\n\n<p>Beim Lugensee handelt es sich um eine nat\u00fcrlichen See, der durch das Oberfl\u00e4chenwasser der umliegenden Felder (ca. 100 Tagwerk \u2248 33 ha) gespeist wurde. Der See konnte nach l\u00e4ngeren starken Regenf\u00e4llen eine Fl\u00e4che von 4 bis 5 Tagwerk (\u22481,5 ha) erlangen, verschwand aber im Sommer bei anhaltender Trockenheit. Bei der Flurbereinigung wurde der Lugensee durch Dr\u00e4nagen und Verf\u00fcllung stark beeintr\u00e4chtigt.<\/p>\n\n\n\n<h5 class=\"wp-block-heading\">Errichtung der Streuobstwiese Lugensee<\/h5>\n\n\n\n<p>Im Jahr 2005 wurde das Lugensee-Grundst\u00fcck mit einer Fl\u00e4che von ca. 3 ha von der Gemeinde Rott zum Zwecke der Regenr\u00fcckhaltung und als \u00d6koausgleichsfl\u00e4che gekauft. Bei \u00d6koausgleichsfl\u00e4chen wird die \u00f6kologische Qualit\u00e4t einer Fl\u00e4che durch unterschiedliche Ma\u00dfnahmen, wie z.B. die Umwandlung von Ackerland in extensives Gr\u00fcnland, Anpflanzung von Hecken oder Streuobstwiesen verbessert. Die somit \u00f6kologisch h\u00f6herwertige Fl\u00e4che kann dann als Ausgleich f\u00fcr Eingriffe in die Natur, wie z.B. die Ausweisung von Baugebieten oder dem Bau von Stra\u00dfen, verwendet werden. Dieser Ausgleich ist nach dem Bundesnaturschutzgesetz vorgeschrieben.<\/p>\n\n\n\n<p>Nach dem Kauf stellte die Gemeinde Rott das Grundst\u00fcck dem Obst- und Gartenbauverein zum Anlegen einer Streuobstwiese zur Verf\u00fcgung. Vorrangiges Ziel des Gartenbauvereins ist, durch die Anlage der Streuobstwiese aktive Naturschutzarbeit zu leisten und seinen Mitgliedern Kenntnisse im Obstbau und der Sortenvielfalt zu vermitteln. Auch besuchen j\u00e4hrlich mehrere Schulklassen die Streuobstwiese zur Umweltbildung.<\/p>\n\n\n\n<p>Zu Beginn des Projekts bestand die Fl\u00e4che zu ca. 66% aus einer Viehweide und zu 33% aus Ackerland. Im \u00f6stlichen Teil der Viehweide befanden sich die Reste des Lugensees der durch den Weidebetrieb stark beeintr\u00e4chtigt war.<\/p>\n\n\n\n<p>Der Acker wurde vom Gartenbauverein mit einer artenreichen Wiese mit hohem Kr\u00e4uteranteil (Fettwiese, Rieger-Hofmann) einges\u00e4t. Die Fl\u00e4che oberhalb des Sees wurde von Herbst 2005 bis Fr\u00fchjahr 2008 mit 100 Obst-Hochst\u00e4mmen (\u00fcberwiegend Apfel, daneben Birne, Kirsche und Zwetschge) bepflanzt. An der Westseite wurde eine Feldhecke gepflanzt und an der S\u00fcdseite, sowie entlang der Feldhecke ein Obst-Spalier aus insgesamt 70 Obstbuschb\u00e4umen angelegt. An der Nordwestseite befindet sich ein Weinberg, der vom Gemeinderat angelegt wurde und von ihm betrieben wird. Parallel wurden durch die Gemeinde das Drainagensystem modifiziert um die Wasserf\u00fchrung des Lugensees zu verbessern.<\/p>\n\n\n\n<p>Die Pflege der Streuobstwiese erfolgt durch Mitglieder des Obst- und Gartenbauverein und beinhaltet u.a. einen j\u00e4hrlichen Schnitt der Obstb\u00e4ume, Freihalten der Obstbaumst\u00e4mme von starkem Bewuchs zur Reduzierung von W\u00fchlm\u00e4usen und die Pflege der Hecken. Die Fl\u00e4che wird zudem zweimal im Jahr (ca. Mitte Juni und Anfang September) durch einen \u00f6rtlichen Landwirt gem\u00e4ht. Bereiche die sich nicht maschinell m\u00e4hen lassen, werden durch den Obst- und Gartenbauverein gepflegt.<\/p>\n\n\n\n<h5 class=\"wp-block-heading\">Bestand (Januar 2016)<\/h5>\n\n\n\n<p><strong>Hochst\u00e4mme:<\/strong> 86 \u00c4pfel, 8 Birnen, 4 Kirschen, 2 Zwetschgen &#8211; gesamt 100 B\u00e4ume<br><strong>Buschb\u00e4ume:<\/strong> 51 \u00c4pfel, 5 Birnen, 2 Kirschen, 6 Zwetschgen, 2 Mirabellen, 1 Reneclaude, 2 Quitten und 1 Mispel \u2013 gesamt 70 B\u00e4ume<\/p>\n\n\n\n<h5 class=\"wp-block-heading\">Lage<\/h5>\n\n\n\n<p><iframe src='https:\/\/geoportal.bayern.de\/bayernatlas\/embed.html?lang=de&#038;topic=ba&#038;catalogNodes=11&#038;bgLayer=atkis&#038;E=647476.71&#038;N=5307997.98&#038;zoom=11&#038;layers=KML%7C%7Chttps:%2F%2Fgeoportal.bayern.de%2Fba-backend%2Ffiles%2Ff_4726bba0-5f05-11ee-8c89-09376f761dc4_2dbf4955-8637-4e42-9ffd-338cc7c73d98%7C%7Ctrue' width='600' height='450' frameborder='0' style='border:0'><\/iframe><p>\n","protected":false},"excerpt":{"rendered":"<p>Der Lugensee Beim Lugensee handelt es sich um eine nat\u00fcrlichen See, der durch das Oberfl\u00e4chenwasser der umliegenden Felder (ca. 100 Tagwerk \u2248 33 ha) gespeist wurde. Der See konnte nach l\u00e4ngeren starken Regenf\u00e4llen eine Fl\u00e4che von 4 bis 5 Tagwerk (\u22481,5 ha) erlangen, verschwand aber im Sommer bei anhaltender Trockenheit. Bei der Flurbereinigung wurde der [&hellip;]<\/p>\n","protected":false},"author":1,"featured_media":0,"parent":0,"menu_order":3,"comment_status":"closed","ping_status":"closed","template":"","meta":{"footnotes":""},"class_list":["post-110","page","type-page","status-publish","hentry"],"_links":{"self":[{"href":"https:\/\/www.gartenbauverein-rott.de\/wordpress\/wp-json\/wp\/v2\/pages\/110","targetHints":{"allow":["GET"]}}],"collection":[{"href":"https:\/\/www.gartenbauverein-rott.de\/wordpress\/wp-json\/wp\/v2\/pages"}],"about":[{"href":"https:\/\/www.gartenbauverein-rott.de\/wordpress\/wp-json\/wp\/v2\/types\/page"}],"author":[{"embeddable":true,"href":"https:\/\/www.gartenbauverein-rott.de\/wordpress\/wp-json\/wp\/v2\/users\/1"}],"replies":[{"embeddable":true,"href":"https:\/\/www.gartenbauverein-rott.de\/wordpress\/wp-json\/wp\/v2\/comments?post=110"}],"version-history":[{"count":3,"href":"https:\/\/www.gartenbauverein-rott.de\/wordpress\/wp-json\/wp\/v2\/pages\/110\/revisions"}],"predecessor-version":[{"id":274,"href":"https:\/\/www.gartenbauverein-rott.de\/wordpress\/wp-json\/wp\/v2\/pages\/110\/revisions\/274"}],"wp:attachment":[{"href":"https:\/\/www.gartenbauverein-rott.de\/wordpress\/wp-json\/wp\/v2\/media?parent=110"}],"curies":[{"name":"wp","href":"https:\/\/api.w.org\/{rel}","templated":true}]}}