{"id":112,"date":"2022-04-19T20:07:23","date_gmt":"2022-04-19T18:07:23","guid":{"rendered":"http:\/\/localhost\/wordpress\/?page_id=112"},"modified":"2022-04-19T20:07:23","modified_gmt":"2022-04-19T18:07:23","slug":"unser-verein","status":"publish","type":"page","link":"https:\/\/www.gartenbauverein-rott.de\/wordpress\/unser-verein\/","title":{"rendered":"Unser Verein"},"content":{"rendered":"\n<h5 class=\"wp-block-heading\">Vereinsgr\u00fcndung<\/h5>\n\n\n\n<p>Das genaue Gr\u00fcndungsdatum unseres Verein l\u00e4sst sich leider nicht mehr Nachvollziehen. Der erste Kassenbucheintrag stammt von 1938. In der NS-Zeit wurde eine umfassende Buchhaltung f\u00fcr Vereine zur Pflicht.<br><\/p>\n\n\n\n<h5 class=\"wp-block-heading\">1989 &#8211; \u00c4nderung der Rechtsform<\/h5>\n\n\n\n<p>Am 24.02.1989 erlies die Mitgliederversammlung eine neue Satzung und beschloss die \u00c4nderung der Rechtsform in einen &#8222;eingetragenen Verein&#8220;. Dementsprechend wurde der Verein unter nummer VR 40403 beim Amtsgericht Landsberg eingetragen.<\/p>\n\n\n\n<h5 class=\"wp-block-heading\">2008 &#8211; Kauf einer Anlage zur Pasteurisierung von Apfelsaft<\/h5>\n\n\n\n<p>Im Laufe der 2000er machte sich eine immer geringere Nachfrage nach unserer Obstpresse bemerkbar, sodass oftmals nur noch alle 14 Tage gepresst wurde. Ursache war die fehlende M\u00f6glichkeit den gepressten Apfelsaft zu erhitzen und haltbar zu machen, was andere Obstpressen bereits seit l\u00e4ngerem Anboten. In einem finanziellen Kraftakt wurde von der Mitgliederversammlung die Anschaffung einer Pasteurisierungsanlage mit Abf\u00fcllung in Bag-in-Box beschlossen. Daraus wurde ein voller Erfolg und die Nachfrage nach unserer Obstpresse nahm in Folge enorm zu.<\/p>\n","protected":false},"excerpt":{"rendered":"<p>Vereinsgr\u00fcndung Das genaue Gr\u00fcndungsdatum unseres Verein l\u00e4sst sich leider nicht mehr Nachvollziehen. Der erste Kassenbucheintrag stammt von 1938. In der NS-Zeit wurde eine umfassende Buchhaltung f\u00fcr Vereine zur Pflicht. 1989 &#8211; \u00c4nderung der Rechtsform Am 24.02.1989 erlies die Mitgliederversammlung eine neue Satzung und beschloss die \u00c4nderung der Rechtsform in einen &#8222;eingetragenen Verein&#8220;. Dementsprechend wurde der [&hellip;]<\/p>\n","protected":false},"author":1,"featured_media":0,"parent":0,"menu_order":1,"comment_status":"closed","ping_status":"closed","template":"","meta":{"footnotes":""},"class_list":["post-112","page","type-page","status-publish","hentry"],"_links":{"self":[{"href":"https:\/\/www.gartenbauverein-rott.de\/wordpress\/wp-json\/wp\/v2\/pages\/112","targetHints":{"allow":["GET"]}}],"collection":[{"href":"https:\/\/www.gartenbauverein-rott.de\/wordpress\/wp-json\/wp\/v2\/pages"}],"about":[{"href":"https:\/\/www.gartenbauverein-rott.de\/wordpress\/wp-json\/wp\/v2\/types\/page"}],"author":[{"embeddable":true,"href":"https:\/\/www.gartenbauverein-rott.de\/wordpress\/wp-json\/wp\/v2\/users\/1"}],"replies":[{"embeddable":true,"href":"https:\/\/www.gartenbauverein-rott.de\/wordpress\/wp-json\/wp\/v2\/comments?post=112"}],"version-history":[{"count":0,"href":"https:\/\/www.gartenbauverein-rott.de\/wordpress\/wp-json\/wp\/v2\/pages\/112\/revisions"}],"wp:attachment":[{"href":"https:\/\/www.gartenbauverein-rott.de\/wordpress\/wp-json\/wp\/v2\/media?parent=112"}],"curies":[{"name":"wp","href":"https:\/\/api.w.org\/{rel}","templated":true}]}}