{"id":241,"date":"2022-08-17T12:13:27","date_gmt":"2022-08-17T10:13:27","guid":{"rendered":"https:\/\/www.gartenbauverein-rott.de\/wordpress\/?page_id=241"},"modified":"2022-08-17T12:43:08","modified_gmt":"2022-08-17T10:43:08","slug":"die-vorstandschaft","status":"publish","type":"page","link":"https:\/\/www.gartenbauverein-rott.de\/wordpress\/unser-verein\/die-vorstandschaft\/","title":{"rendered":"Die Vorstandschaft"},"content":{"rendered":"\n<figure class=\"wp-block-image size-large\"><img loading=\"lazy\" decoding=\"async\" width=\"2560\" height=\"1153\" src=\"https:\/\/www.gartenbauverein-rott.de\/wordpress\/wp-content\/uploads\/2022\/07\/Vorstandschaft-OGV-Rott-scaled.jpg\" alt=\"\" class=\"wp-image-207\" srcset=\"https:\/\/www.gartenbauverein-rott.de\/wordpress\/wp-content\/uploads\/2022\/07\/Vorstandschaft-OGV-Rott-scaled.jpg 2560w, https:\/\/www.gartenbauverein-rott.de\/wordpress\/wp-content\/uploads\/2022\/07\/Vorstandschaft-OGV-Rott-300x135.jpg 300w, https:\/\/www.gartenbauverein-rott.de\/wordpress\/wp-content\/uploads\/2022\/07\/Vorstandschaft-OGV-Rott-1024x461.jpg 1024w, https:\/\/www.gartenbauverein-rott.de\/wordpress\/wp-content\/uploads\/2022\/07\/Vorstandschaft-OGV-Rott-768x346.jpg 768w, https:\/\/www.gartenbauverein-rott.de\/wordpress\/wp-content\/uploads\/2022\/07\/Vorstandschaft-OGV-Rott-1536x692.jpg 1536w, https:\/\/www.gartenbauverein-rott.de\/wordpress\/wp-content\/uploads\/2022\/07\/Vorstandschaft-OGV-Rott-2048x922.jpg 2048w\" sizes=\"auto, (max-width: 2560px) 100vw, 2560px\" \/><figcaption>Die Vorstandschaft (von links): Fritz Schneider (Erster B\u00fcrgermeister), Monika Stindl, Isolde Erhard, Gerulf H\u00e4nel, Simon Kr\u00f6tz, Leonhard Streit, Martina Mayerh\u00f6fer, Anton Mayerh\u00f6fer (Kassenpr\u00fcfer), Josefine Menhart <\/figcaption><\/figure>\n\n\n\n<div class=\"wp-block-columns is-layout-flex wp-container-core-columns-is-layout-28f84493 wp-block-columns-is-layout-flex\">\n<div class=\"wp-block-column is-layout-flow wp-block-column-is-layout-flow\">\n<h6 class=\"wp-block-heading\">1. Vorsitzender<\/h6>\n<\/div>\n\n\n\n<div class=\"wp-block-column is-layout-flow wp-block-column-is-layout-flow\">\n<p>Gerulf H\u00e4nel<\/p>\n<\/div>\n<\/div>\n\n\n\n<div class=\"wp-block-columns is-layout-flex wp-container-core-columns-is-layout-28f84493 wp-block-columns-is-layout-flex\">\n<div class=\"wp-block-column is-layout-flow wp-block-column-is-layout-flow\">\n<h6 class=\"wp-block-heading\">2. Vorsitzende<\/h6>\n<\/div>\n\n\n\n<div class=\"wp-block-column is-layout-flow wp-block-column-is-layout-flow\">\n<p>Martina Mayerh\u00f6fer<\/p>\n<\/div>\n<\/div>\n\n\n\n<div class=\"wp-block-columns is-layout-flex wp-container-core-columns-is-layout-28f84493 wp-block-columns-is-layout-flex\">\n<div class=\"wp-block-column is-layout-flow wp-block-column-is-layout-flow\">\n<h6 class=\"wp-block-heading\">KASSIER<\/h6>\n<\/div>\n\n\n\n<div class=\"wp-block-column is-layout-flow wp-block-column-is-layout-flow\">\n<p>Simon Kr\u00f6tz<\/p>\n<\/div>\n<\/div>\n\n\n\n<div class=\"wp-block-columns is-layout-flex wp-container-core-columns-is-layout-28f84493 wp-block-columns-is-layout-flex\">\n<div class=\"wp-block-column is-layout-flow wp-block-column-is-layout-flow\">\n<h6 class=\"wp-block-heading\">SCHRIFtf\u00fchrerin<\/h6>\n<\/div>\n\n\n\n<div class=\"wp-block-column is-layout-flow wp-block-column-is-layout-flow\">\n<p>Isolde Erhard<\/p>\n<\/div>\n<\/div>\n\n\n\n<div class=\"wp-block-columns is-layout-flex wp-container-core-columns-is-layout-28f84493 wp-block-columns-is-layout-flex\">\n<div class=\"wp-block-column is-layout-flow wp-block-column-is-layout-flow\">\n<h6 class=\"wp-block-heading\">Beir\u00e4te<\/h6>\n<\/div>\n\n\n\n<div class=\"wp-block-column is-layout-flow wp-block-column-is-layout-flow\">\n<p>Sarah Hirschauer<br>Josefine Menhart<br>Monika Stindl<br>Leonhard Streit<br><\/p>\n<\/div>\n<\/div>\n\n\n\n<p>KONTAKT: <a href=\"mailto:info@gartenbauverein-rott.de\">info@gartenbauverein-rott.de<\/a><\/p>\n","protected":false},"excerpt":{"rendered":"<p>1. Vorsitzender Gerulf H\u00e4nel 2. Vorsitzende Martina Mayerh\u00f6fer KASSIER Simon Kr\u00f6tz SCHRIFtf\u00fchrerin Isolde Erhard Beir\u00e4te Sarah HirschauerJosefine MenhartMonika StindlLeonhard Streit KONTAKT: info@gartenbauverein-rott.de<\/p>\n","protected":false},"author":1,"featured_media":0,"parent":112,"menu_order":1,"comment_status":"closed","ping_status":"closed","template":"","meta":{"footnotes":""},"class_list":["post-241","page","type-page","status-publish","hentry"],"_links":{"self":[{"href":"https:\/\/www.gartenbauverein-rott.de\/wordpress\/wp-json\/wp\/v2\/pages\/241","targetHints":{"allow":["GET"]}}],"collection":[{"href":"https:\/\/www.gartenbauverein-rott.de\/wordpress\/wp-json\/wp\/v2\/pages"}],"about":[{"href":"https:\/\/www.gartenbauverein-rott.de\/wordpress\/wp-json\/wp\/v2\/types\/page"}],"author":[{"embeddable":true,"href":"https:\/\/www.gartenbauverein-rott.de\/wordpress\/wp-json\/wp\/v2\/users\/1"}],"replies":[{"embeddable":true,"href":"https:\/\/www.gartenbauverein-rott.de\/wordpress\/wp-json\/wp\/v2\/comments?post=241"}],"version-history":[{"count":5,"href":"https:\/\/www.gartenbauverein-rott.de\/wordpress\/wp-json\/wp\/v2\/pages\/241\/revisions"}],"predecessor-version":[{"id":246,"href":"https:\/\/www.gartenbauverein-rott.de\/wordpress\/wp-json\/wp\/v2\/pages\/241\/revisions\/246"}],"up":[{"embeddable":true,"href":"https:\/\/www.gartenbauverein-rott.de\/wordpress\/wp-json\/wp\/v2\/pages\/112"}],"wp:attachment":[{"href":"https:\/\/www.gartenbauverein-rott.de\/wordpress\/wp-json\/wp\/v2\/media?parent=241"}],"curies":[{"name":"wp","href":"https:\/\/api.w.org\/{rel}","templated":true}]}}